{"id":28,"date":"2025-07-25T08:31:08","date_gmt":"2025-07-25T08:31:08","guid":{"rendered":"https:\/\/kamoshfestival.cz\/?page_id=28"},"modified":"2025-08-18T15:15:55","modified_gmt":"2025-08-18T15:15:55","slug":"homepage","status":"publish","type":"page","link":"https:\/\/kamoshfestival.cz\/","title":{"rendered":"Dom\u016f"},"content":{"rendered":"\n<div class=\"wp-block-cover alignfull\" style=\"min-height:792px;aspect-ratio:unset;\"><img fetchpriority=\"high\" decoding=\"async\" width=\"2560\" height=\"1707\" class=\"wp-block-cover__image-background wp-image-50 size-full\" alt=\"\" src=\"https:\/\/kamoshfestival.cz\/wp-content\/uploads\/2025\/07\/OVA_2478-scaled.jpg\" style=\"object-position:51% 0%\" data-object-fit=\"cover\" data-object-position=\"51% 0%\" srcset=\"https:\/\/kamoshfestival.cz\/wp-content\/uploads\/2025\/07\/OVA_2478-scaled.jpg 2560w, https:\/\/kamoshfestival.cz\/wp-content\/uploads\/2025\/07\/OVA_2478-300x200.jpg 300w, https:\/\/kamoshfestival.cz\/wp-content\/uploads\/2025\/07\/OVA_2478-1024x683.jpg 1024w, https:\/\/kamoshfestival.cz\/wp-content\/uploads\/2025\/07\/OVA_2478-2000x1333.jpg 2000w\" sizes=\"(max-width: 2560px) 100vw, 2560px\" \/><span aria-hidden=\"true\" class=\"wp-block-cover__background has-background-dim-20 has-background-dim\" style=\"background-color:#71706c\"><\/span><div class=\"wp-block-cover__inner-container has-global-padding is-layout-constrained wp-block-cover-is-layout-constrained\">\n<p class=\"has-text-align-center has-white-color has-text-color has-max-60-font-size\" style=\"font-style:normal;font-weight:900;line-height:1.2\"><strong>\u22c6\uff61\u00b0\u272928.\u00a08.\u00a02025\u2729\u00b0\uff61\u22c6<\/strong><\/p>\n\n\n\n<p class=\"has-text-align-center has-white-color has-text-color has-medium-font-size\">Bike Jesus<\/p>\n\n\n\n<div style=\"height:55px\" aria-hidden=\"true\" class=\"wp-block-spacer\"><\/div>\n\n\n\n<div class=\"wp-block-buttons is-content-justification-center is-layout-flex wp-container-core-buttons-is-layout-a89b3969 wp-block-buttons-is-layout-flex\">\n<div class=\"wp-block-button is-style-outline is-style-outline--1\"><a class=\"wp-block-button__link has-white-color has-text-color wp-element-button\" href=\"https:\/\/connect.boomevents.org\/en\/event\/3ff77d52a1e045bab0eadfd2111dc799\" style=\"border-radius:0px\" target=\"_blank\" rel=\"noreferrer noopener\">Tickets<\/a><\/div>\n<\/div>\n<\/div><\/div>\n\n\n\n<div style=\"height:107px\" aria-hidden=\"true\" class=\"wp-block-spacer\"><\/div>\n\n\n\n<div class=\"wp-block-group has-global-padding is-layout-constrained wp-block-group-is-layout-constrained\">\n<h2 class=\"wp-block-heading has-text-align-center\">THE NIGHT<br>(TICKETS ONLY)<br>19:00 &#8211; 3:00<br><br>MATY\u00c1\u0160OVI\u00a0KAMAR\u00c1DI <strong>\u22c6<\/strong> SEBE <strong>\u22c6<\/strong> POLARBOI <strong>\u22c6<\/strong> GONDOR\u00a0FLAMES <strong>\u22c6<\/strong> INITIAL\u00a0DECAY <strong>\u22c6<\/strong> NEVERTOUCH <strong>\u22c6<\/strong> HOPSANDO\u00a0DUPANDO <strong>\u22c6<\/strong> VLASTA<\/h2>\n\n\n\n<div style=\"height:107px\" aria-hidden=\"true\" class=\"wp-block-spacer\"><\/div>\n<\/div>\n\n\n\n<h2 class=\"wp-block-heading has-text-align-center\">OPENING PARTY<br>(FREE)<br>14:00 &#8211; 19:00<br><br>MOKIPI <strong>\u22c6<\/strong> C-PENTANE <strong>\u22c6<\/strong> NOISE\u00a0KITCHEN <strong>\u22c6<\/strong> DIVADLO <strong>\u22c6<\/strong> V\u00ddSTAVA <strong>\u22c6<\/strong> P\u0158EDN\u00c1\u0160KY <strong>\u22c6<\/strong> HANDPOKE <strong>\u22c6<\/strong> PIERCINGY <strong>\u22c6<\/strong> \u0160PERKY\u00a0WORKSHOP <strong>\u22c6<\/strong> KNEDLOZELOWEAR <strong>\u22c6<\/strong> CZECHED\u00a0SUBSTANCE<\/h2>\n\n\n\n<div style=\"height:107px\" aria-hidden=\"true\" class=\"wp-block-spacer\"><\/div>\n\n\n\n<div class=\"wp-block-columns alignfull are-vertically-aligned-center has-light-background-background-color has-background is-layout-flex wp-container-core-columns-is-layout-dd282781 wp-block-columns-is-layout-flex\" style=\"padding-top:0;padding-right:0;padding-bottom:0;padding-left:0\">\n<div class=\"wp-block-column is-layout-flow wp-block-column-is-layout-flow\">\n<div style=\"height:100px\" aria-hidden=\"true\" class=\"wp-block-spacer\"><\/div>\n<\/div>\n\n\n\n<div class=\"wp-block-column is-layout-flow wp-block-column-is-layout-flow\"><\/div>\n\n\n\n<div class=\"wp-block-column is-layout-flow wp-block-column-is-layout-flow\">\n<div style=\"height:558px\" aria-hidden=\"true\" class=\"wp-block-spacer\"><\/div>\n<\/div>\n\n\n\n<div class=\"wp-block-column is-layout-flow wp-block-column-is-layout-flow\"><\/div>\n\n\n\n<div class=\"wp-block-column is-vertically-aligned-center map-grayscale is-layout-flow wp-block-column-is-layout-flow\" style=\"flex-basis:50%\">\n<iframe src=\"https:\/\/www.google.com\/maps\/embed?pb=!1m18!1m12!1m3!1d2559.520869791683!2d14.433629876536362!3d50.09525687152655!2m3!1f0!2f0!3f0!3m2!1i1024!2i768!4f13.1!3m3!1m2!1s0x470b9498464b83cb%3A0x44f0fdbae14ab737!2sBike%20Jesus!5e0!3m2!1scs!2scz!4v1755528763356!5m2!1scs!2scz\" width=\"600\" height=\"450\" style=\"border:0;\" allowfullscreen=\"\" loading=\"lazy\" referrerpolicy=\"no-referrer-when-downgrade\"><\/iframe>\n<\/div>\n\n\n\n<div class=\"wp-block-column is-vertically-aligned-center is-layout-flow wp-block-column-is-layout-flow\" style=\"padding-top:var(--wp--preset--spacing--small);padding-right:var(--wp--preset--spacing--small);padding-bottom:var(--wp--preset--spacing--small);padding-left:2%;flex-basis:50%\">\n<h3 class=\"wp-block-heading has-large-font-size\">Jak k n\u00e1m?<\/h3>\n\n\n\n<h3 class=\"wp-block-heading\">Adresa<\/h3>\n\n\n\n<p><a href=\"https:\/\/maps.google.com\/maps\/place\/\/data=!4m2!3m1!1s0x470b9498464b83cb:0x44f0fdbae14ab737?sa=X&amp;ved=1t:8290&amp;hl=cs-cz&amp;ictx=111\">ostrov \u0160tvanice 1125, 170 00 Praha 7-Hole\u0161ovice<\/a><\/p>\n\n\n\n<h3 class=\"wp-block-heading\">MHD<\/h3>\n\n\n\n<p>TRAM &#8211; zast\u00e1vka \u0160tvanice (12, 14)<br>METRO &#8211; zast\u00e1vka Florenc (B, C)<br>BUS &#8211; zast\u00e1vka Florenc (133,&nbsp;135,&nbsp;149,&nbsp;175,&nbsp;180)<\/p>\n\n\n\n<h3 class=\"wp-block-heading\">REKOLO<\/h3>\n\n\n\n<p>dora\u017e eko cestou a zaparkuj p\u0159\u00edmo na ostrov\u011b<\/p>\n\n\n\n<h3 class=\"wp-block-heading\">AUTO<\/h3>\n\n\n\n<p>lep\u0161\u00ed je dorazit jinak, ale p\u0159\u00edpadn\u011b jsou velmi omezen\u00e1 parkovac\u00ed m\u00edsta pod Hl\u00e1vkov\u00fdm mostem<\/p>\n<\/div>\n<\/div>\n\n\n\n<div id=\"team\" class=\"wp-block-group has-global-padding is-layout-constrained wp-block-group-is-layout-constrained\">\n<div class=\"wp-block-group is-layout-flow wp-block-group-is-layout-flow\">\n<div style=\"height:107px\" aria-hidden=\"true\" class=\"wp-block-spacer\"><\/div>\n\n\n\n<h2 class=\"wp-block-heading has-text-align-center\">Kamoshstvo<\/h2>\n\n\n\n<div style=\"height:27px\" aria-hidden=\"true\" class=\"wp-block-spacer\"><\/div>\n\n\n\n<div style=\"height:0px\" aria-hidden=\"true\" class=\"wp-block-spacer\"><\/div>\n\n\n\n<div class=\"wp-block-columns is-layout-flex wp-container-core-columns-is-layout-28f84493 wp-block-columns-is-layout-flex\">\n<div class=\"wp-block-column is-style-default is-layout-flow wp-block-column-is-layout-flow\" style=\"border-style:none;border-width:0px;padding-top:0;padding-right:0;padding-bottom:0;padding-left:0\">\n<figure class=\"wp-block-image aligncenter size-large is-resized\"><img decoding=\"async\" width=\"1024\" height=\"692\" src=\"https:\/\/kamoshfestival.cz\/wp-content\/uploads\/2025\/08\/nas-tym-1024x692.jpg\" alt=\"\" class=\"wp-image-101\" style=\"width:814px;height:auto\" srcset=\"https:\/\/kamoshfestival.cz\/wp-content\/uploads\/2025\/08\/nas-tym-1024x692.jpg 1024w, https:\/\/kamoshfestival.cz\/wp-content\/uploads\/2025\/08\/nas-tym-300x203.jpg 300w, https:\/\/kamoshfestival.cz\/wp-content\/uploads\/2025\/08\/nas-tym.jpg 1818w\" sizes=\"(max-width: 1024px) 100vw, 1024px\" \/><\/figure>\n<\/div>\n<\/div>\n<\/div>\n<\/div>\n\n\n\n<p class=\"has-text-align-center\">Oliver Vav\u0159ina<br>Anna Hartmanov\u00e1<br>Ond\u0159ej V\u00e1vra<br>Julie \u0160vecov\u00e1<br>Josefina Grillov\u00e1<br>Eli\u0161ka Ramsov\u00e1<br>Sophie Pantofl\u00ed\u010dkov\u00e1<\/p>\n\n\n\n<div class=\"wp-block-cover alignfull\" style=\"min-height:557px;aspect-ratio:unset;\"><img decoding=\"async\" width=\"1024\" height=\"683\" class=\"wp-block-cover__image-background wp-image-117\" alt=\"\" src=\"https:\/\/kamoshfestival.cz\/wp-content\/uploads\/2025\/08\/IMG_2396-1024x683.png\" data-object-fit=\"cover\" srcset=\"https:\/\/kamoshfestival.cz\/wp-content\/uploads\/2025\/08\/IMG_2396-1024x683.png 1024w, https:\/\/kamoshfestival.cz\/wp-content\/uploads\/2025\/08\/IMG_2396-300x200.png 300w, https:\/\/kamoshfestival.cz\/wp-content\/uploads\/2025\/08\/IMG_2396-2000x1333.png 2000w, https:\/\/kamoshfestival.cz\/wp-content\/uploads\/2025\/08\/IMG_2396-600x400.png 600w, https:\/\/kamoshfestival.cz\/wp-content\/uploads\/2025\/08\/IMG_2396-1200x800.png 1200w\" sizes=\"(max-width: 1024px) 100vw, 1024px\" \/><span aria-hidden=\"true\" class=\"wp-block-cover__background has-background-dim\"><\/span><div class=\"wp-block-cover__inner-container is-layout-flow wp-block-cover-is-layout-flow\">\n<h1 class=\"wp-block-heading has-text-align-center has-medium-font-size\">Vem k\u00e1mo\u0161e do moshe!<\/h1>\n\n\n\n<p class=\"has-text-align-center\">S k\u00e1mo\u0161ema n\u00e1s bav\u00ed moshpit. Bav\u00ed n\u00e1s taky safe space a respekt na kulturn\u00edch akc\u00edch. Sna\u017e\u00edme se propojit r\u016fzn\u00e9 druhy um\u011bn\u00ed s jedine\u010dn\u00fdm a komfortn\u00edm z\u00e1\u017eitkem z koncert\u016f, workshop\u016f, v\u00fdstav, p\u0159edn\u00e1\u0161ek a dal\u0161\u00edho.<\/p>\n<\/div><\/div>\n","protected":false},"excerpt":{"rendered":"<p>THE NIGHT(TICKETS ONLY)19:00 &#8211; 3:00 MATY\u00c1\u0160OVI\u00a0KAMAR\u00c1DI \u22c6 SEBE \u22c6 POLARBOI \u22c6 GONDOR\u00a0FLAMES \u22c6 INITIAL\u00a0DECAY \u22c6 NEVERTOUCH \u22c6 HOPSANDO\u00a0DUPANDO \u22c6 VLASTA OPENING PARTY(FREE)14:00 &#8211; 19:00 MOKIPI \u22c6 C-PENTANE \u22c6 NOISE\u00a0KITCHEN \u22c6 DIVADLO \u22c6 V\u00ddSTAVA \u22c6 P\u0158EDN\u00c1\u0160KY \u22c6 HANDPOKE \u22c6 PIERCINGY \u22c6 \u0160PERKY\u00a0WORKSHOP \u22c6 KNEDLOZELOWEAR \u22c6 CZECHED\u00a0SUBSTANCE Jak k n\u00e1m? Adresa ostrov \u0160tvanice 1125, 170 00 Praha &hellip; <\/p>\n<p class=\"link-more\"><a href=\"https:\/\/kamoshfestival.cz\/\" class=\"more-link\">Read more<span class=\"screen-reader-text\"> &#8222;Dom\u016f&#8220;<\/span><\/a><\/p>\n","protected":false},"author":1,"featured_media":0,"parent":0,"menu_order":0,"comment_status":"closed","ping_status":"closed","template":"page-templates\/homepage-builder-bb.php","meta":{"footnotes":""},"class_list":["post-28","page","type-page","status-publish","hentry"],"featured_media_urls":[],"_links":{"self":[{"href":"https:\/\/kamoshfestival.cz\/index.php?rest_route=\/wp\/v2\/pages\/28","targetHints":{"allow":["GET"]}}],"collection":[{"href":"https:\/\/kamoshfestival.cz\/index.php?rest_route=\/wp\/v2\/pages"}],"about":[{"href":"https:\/\/kamoshfestival.cz\/index.php?rest_route=\/wp\/v2\/types\/page"}],"author":[{"embeddable":true,"href":"https:\/\/kamoshfestival.cz\/index.php?rest_route=\/wp\/v2\/users\/1"}],"replies":[{"embeddable":true,"href":"https:\/\/kamoshfestival.cz\/index.php?rest_route=%2Fwp%2Fv2%2Fcomments&post=28"}],"version-history":[{"count":56,"href":"https:\/\/kamoshfestival.cz\/index.php?rest_route=\/wp\/v2\/pages\/28\/revisions"}],"predecessor-version":[{"id":170,"href":"https:\/\/kamoshfestival.cz\/index.php?rest_route=\/wp\/v2\/pages\/28\/revisions\/170"}],"wp:attachment":[{"href":"https:\/\/kamoshfestival.cz\/index.php?rest_route=%2Fwp%2Fv2%2Fmedia&parent=28"}],"curies":[{"name":"wp","href":"https:\/\/api.w.org\/{rel}","templated":true}]}}